{"id":645,"date":"2023-12-06T14:14:11","date_gmt":"2023-12-06T14:14:11","guid":{"rendered":"https:\/\/backhaus-steinfeld.de\/?page_id=645"},"modified":"2023-12-06T15:03:19","modified_gmt":"2023-12-06T15:03:19","slug":"aufbau-der-remise","status":"publish","type":"page","link":"https:\/\/backhaus-steinfeld.de\/?page_id=645","title":{"rendered":"Aufbau der Remise"},"content":{"rendered":"\n<p>Um bei widrigen Witterungsverh\u00e4ltnissen den Besuchern bei Backhaus-Aktionen Unterstand gew\u00e4hren zu k\u00f6nnen, erg\u00e4nzt seit 2016 die Remise im ebenfalls historischen Format den Treffpunkt im idyllischen Umfeld der Lohgerberei. Sie bietet rund 30 Personen Platz und ist eine Schenkung des Ehepaares Bruns.<\/p>\n\n\n\n<figure class=\"wp-block-image size-large\"><a href=\"https:\/\/backhaus-steinfeld.de\/wp-content\/uploads\/2023\/12\/DSC00019-scaled-e1701872413703.jpg\"><img decoding=\"async\" width=\"1024\" height=\"768\" data-src=\"https:\/\/backhaus-steinfeld.de\/wp-content\/uploads\/2023\/12\/DSC00019-1024x768.jpg\" alt=\"\" class=\"wp-image-648 lazyload\" data-srcset=\"https:\/\/backhaus-steinfeld.de\/wp-content\/uploads\/2023\/12\/DSC00019-1024x768.jpg 1024w, https:\/\/backhaus-steinfeld.de\/wp-content\/uploads\/2023\/12\/DSC00019-300x225.jpg 300w, https:\/\/backhaus-steinfeld.de\/wp-content\/uploads\/2023\/12\/DSC00019-768x576.jpg 768w, https:\/\/backhaus-steinfeld.de\/wp-content\/uploads\/2023\/12\/DSC00019-1536x1152.jpg 1536w, https:\/\/backhaus-steinfeld.de\/wp-content\/uploads\/2023\/12\/DSC00019-2048x1536.jpg 2048w\" data-sizes=\"(max-width: 1024px) 100vw, 1024px\" src=\"data:image\/svg+xml;base64,PHN2ZyB3aWR0aD0iMSIgaGVpZ2h0PSIxIiB4bWxucz0iaHR0cDovL3d3dy53My5vcmcvMjAwMC9zdmciPjwvc3ZnPg==\" style=\"--smush-placeholder-width: 1024px; --smush-placeholder-aspect-ratio: 1024\/768;\" \/><\/a><\/figure>\n\n\n\n<figure class=\"wp-block-gallery has-nested-images columns-3 is-cropped wp-block-gallery-1 is-layout-flex wp-block-gallery-is-layout-flex\">\n<figure class=\"wp-block-image size-large\"><a href=\"https:\/\/backhaus-steinfeld.de\/wp-content\/uploads\/2023\/12\/DSC00019-scaled-e1701872413703.jpg\"><img decoding=\"async\" width=\"1024\" height=\"768\" data-id=\"648\" data-src=\"https:\/\/backhaus-steinfeld.de\/wp-content\/uploads\/2023\/12\/DSC00019-1024x768.jpg\" alt=\"\" class=\"wp-image-648 lazyload\" data-srcset=\"https:\/\/backhaus-steinfeld.de\/wp-content\/uploads\/2023\/12\/DSC00019-1024x768.jpg 1024w, https:\/\/backhaus-steinfeld.de\/wp-content\/uploads\/2023\/12\/DSC00019-300x225.jpg 300w, https:\/\/backhaus-steinfeld.de\/wp-content\/uploads\/2023\/12\/DSC00019-768x576.jpg 768w, https:\/\/backhaus-steinfeld.de\/wp-content\/uploads\/2023\/12\/DSC00019-1536x1152.jpg 1536w, https:\/\/backhaus-steinfeld.de\/wp-content\/uploads\/2023\/12\/DSC00019-2048x1536.jpg 2048w\" data-sizes=\"(max-width: 1024px) 100vw, 1024px\" src=\"data:image\/svg+xml;base64,PHN2ZyB3aWR0aD0iMSIgaGVpZ2h0PSIxIiB4bWxucz0iaHR0cDovL3d3dy53My5vcmcvMjAwMC9zdmciPjwvc3ZnPg==\" style=\"--smush-placeholder-width: 1024px; --smush-placeholder-aspect-ratio: 1024\/768;\" \/><\/a><\/figure>\n\n\n\n<figure class=\"wp-block-image size-large\"><a href=\"https:\/\/backhaus-steinfeld.de\/wp-content\/uploads\/2023\/12\/DSC00021-scaled.jpg\"><img decoding=\"async\" width=\"1024\" height=\"768\" data-id=\"650\" data-src=\"https:\/\/backhaus-steinfeld.de\/wp-content\/uploads\/2023\/12\/DSC00021-1024x768.jpg\" alt=\"\" class=\"wp-image-650 lazyload\" data-srcset=\"https:\/\/backhaus-steinfeld.de\/wp-content\/uploads\/2023\/12\/DSC00021-1024x768.jpg 1024w, https:\/\/backhaus-steinfeld.de\/wp-content\/uploads\/2023\/12\/DSC00021-300x225.jpg 300w, https:\/\/backhaus-steinfeld.de\/wp-content\/uploads\/2023\/12\/DSC00021-768x576.jpg 768w, https:\/\/backhaus-steinfeld.de\/wp-content\/uploads\/2023\/12\/DSC00021-1536x1152.jpg 1536w, https:\/\/backhaus-steinfeld.de\/wp-content\/uploads\/2023\/12\/DSC00021-2048x1536.jpg 2048w\" data-sizes=\"(max-width: 1024px) 100vw, 1024px\" src=\"data:image\/svg+xml;base64,PHN2ZyB3aWR0aD0iMSIgaGVpZ2h0PSIxIiB4bWxucz0iaHR0cDovL3d3dy53My5vcmcvMjAwMC9zdmciPjwvc3ZnPg==\" style=\"--smush-placeholder-width: 1024px; --smush-placeholder-aspect-ratio: 1024\/768;\" \/><\/a><\/figure>\n\n\n\n<figure class=\"wp-block-image size-large\"><a href=\"https:\/\/backhaus-steinfeld.de\/wp-content\/uploads\/2023\/12\/DSC00025-scaled.jpg\"><img decoding=\"async\" width=\"1024\" height=\"887\" data-id=\"654\" data-src=\"https:\/\/backhaus-steinfeld.de\/wp-content\/uploads\/2023\/12\/DSC00025-1024x887.jpg\" alt=\"\" class=\"wp-image-654 lazyload\" data-srcset=\"https:\/\/backhaus-steinfeld.de\/wp-content\/uploads\/2023\/12\/DSC00025-1024x887.jpg 1024w, https:\/\/backhaus-steinfeld.de\/wp-content\/uploads\/2023\/12\/DSC00025-300x260.jpg 300w, https:\/\/backhaus-steinfeld.de\/wp-content\/uploads\/2023\/12\/DSC00025-768x665.jpg 768w, https:\/\/backhaus-steinfeld.de\/wp-content\/uploads\/2023\/12\/DSC00025-1536x1330.jpg 1536w, https:\/\/backhaus-steinfeld.de\/wp-content\/uploads\/2023\/12\/DSC00025-2048x1773.jpg 2048w\" data-sizes=\"(max-width: 1024px) 100vw, 1024px\" src=\"data:image\/svg+xml;base64,PHN2ZyB3aWR0aD0iMSIgaGVpZ2h0PSIxIiB4bWxucz0iaHR0cDovL3d3dy53My5vcmcvMjAwMC9zdmciPjwvc3ZnPg==\" style=\"--smush-placeholder-width: 1024px; --smush-placeholder-aspect-ratio: 1024\/887;\" \/><\/a><\/figure>\n\n\n\n<figure class=\"wp-block-image size-large\"><a href=\"https:\/\/backhaus-steinfeld.de\/wp-content\/uploads\/2023\/12\/DSC00022-scaled.jpg\"><img decoding=\"async\" width=\"1024\" height=\"768\" data-id=\"651\" data-src=\"https:\/\/backhaus-steinfeld.de\/wp-content\/uploads\/2023\/12\/DSC00022-1024x768.jpg\" alt=\"\" class=\"wp-image-651 lazyload\" data-srcset=\"https:\/\/backhaus-steinfeld.de\/wp-content\/uploads\/2023\/12\/DSC00022-1024x768.jpg 1024w, https:\/\/backhaus-steinfeld.de\/wp-content\/uploads\/2023\/12\/DSC00022-300x225.jpg 300w, https:\/\/backhaus-steinfeld.de\/wp-content\/uploads\/2023\/12\/DSC00022-768x576.jpg 768w, https:\/\/backhaus-steinfeld.de\/wp-content\/uploads\/2023\/12\/DSC00022-1536x1152.jpg 1536w, https:\/\/backhaus-steinfeld.de\/wp-content\/uploads\/2023\/12\/DSC00022-2048x1536.jpg 2048w\" data-sizes=\"(max-width: 1024px) 100vw, 1024px\" src=\"data:image\/svg+xml;base64,PHN2ZyB3aWR0aD0iMSIgaGVpZ2h0PSIxIiB4bWxucz0iaHR0cDovL3d3dy53My5vcmcvMjAwMC9zdmciPjwvc3ZnPg==\" style=\"--smush-placeholder-width: 1024px; --smush-placeholder-aspect-ratio: 1024\/768;\" \/><\/a><\/figure>\n\n\n\n<figure class=\"wp-block-image size-large\"><a href=\"https:\/\/backhaus-steinfeld.de\/wp-content\/uploads\/2023\/12\/DSC00024-scaled.jpg\"><img decoding=\"async\" width=\"1024\" height=\"768\" data-id=\"653\" data-src=\"https:\/\/backhaus-steinfeld.de\/wp-content\/uploads\/2023\/12\/DSC00024-1024x768.jpg\" alt=\"\" class=\"wp-image-653 lazyload\" data-srcset=\"https:\/\/backhaus-steinfeld.de\/wp-content\/uploads\/2023\/12\/DSC00024-1024x768.jpg 1024w, https:\/\/backhaus-steinfeld.de\/wp-content\/uploads\/2023\/12\/DSC00024-300x225.jpg 300w, https:\/\/backhaus-steinfeld.de\/wp-content\/uploads\/2023\/12\/DSC00024-768x576.jpg 768w, https:\/\/backhaus-steinfeld.de\/wp-content\/uploads\/2023\/12\/DSC00024-1536x1152.jpg 1536w, https:\/\/backhaus-steinfeld.de\/wp-content\/uploads\/2023\/12\/DSC00024-2048x1536.jpg 2048w\" data-sizes=\"(max-width: 1024px) 100vw, 1024px\" src=\"data:image\/svg+xml;base64,PHN2ZyB3aWR0aD0iMSIgaGVpZ2h0PSIxIiB4bWxucz0iaHR0cDovL3d3dy53My5vcmcvMjAwMC9zdmciPjwvc3ZnPg==\" style=\"--smush-placeholder-width: 1024px; --smush-placeholder-aspect-ratio: 1024\/768;\" \/><\/a><\/figure>\n\n\n\n<figure class=\"wp-block-image size-large\"><a href=\"https:\/\/backhaus-steinfeld.de\/wp-content\/uploads\/2023\/12\/DSC00023-scaled.jpg\"><img decoding=\"async\" width=\"1024\" height=\"768\" data-id=\"652\" data-src=\"https:\/\/backhaus-steinfeld.de\/wp-content\/uploads\/2023\/12\/DSC00023-1024x768.jpg\" alt=\"\" class=\"wp-image-652 lazyload\" data-srcset=\"https:\/\/backhaus-steinfeld.de\/wp-content\/uploads\/2023\/12\/DSC00023-1024x768.jpg 1024w, https:\/\/backhaus-steinfeld.de\/wp-content\/uploads\/2023\/12\/DSC00023-300x225.jpg 300w, https:\/\/backhaus-steinfeld.de\/wp-content\/uploads\/2023\/12\/DSC00023-768x576.jpg 768w, https:\/\/backhaus-steinfeld.de\/wp-content\/uploads\/2023\/12\/DSC00023-1536x1152.jpg 1536w, https:\/\/backhaus-steinfeld.de\/wp-content\/uploads\/2023\/12\/DSC00023-2048x1536.jpg 2048w\" data-sizes=\"(max-width: 1024px) 100vw, 1024px\" src=\"data:image\/svg+xml;base64,PHN2ZyB3aWR0aD0iMSIgaGVpZ2h0PSIxIiB4bWxucz0iaHR0cDovL3d3dy53My5vcmcvMjAwMC9zdmciPjwvc3ZnPg==\" style=\"--smush-placeholder-width: 1024px; --smush-placeholder-aspect-ratio: 1024\/768;\" \/><\/a><\/figure>\n\n\n\n<figure class=\"wp-block-image size-large\"><a href=\"https:\/\/backhaus-steinfeld.de\/wp-content\/uploads\/2023\/12\/DSC00020-scaled.jpg\"><img decoding=\"async\" width=\"1024\" height=\"768\" data-id=\"649\" data-src=\"https:\/\/backhaus-steinfeld.de\/wp-content\/uploads\/2023\/12\/DSC00020-1024x768.jpg\" alt=\"\" class=\"wp-image-649 lazyload\" data-srcset=\"https:\/\/backhaus-steinfeld.de\/wp-content\/uploads\/2023\/12\/DSC00020-1024x768.jpg 1024w, https:\/\/backhaus-steinfeld.de\/wp-content\/uploads\/2023\/12\/DSC00020-300x225.jpg 300w, https:\/\/backhaus-steinfeld.de\/wp-content\/uploads\/2023\/12\/DSC00020-768x576.jpg 768w, https:\/\/backhaus-steinfeld.de\/wp-content\/uploads\/2023\/12\/DSC00020-1536x1152.jpg 1536w, https:\/\/backhaus-steinfeld.de\/wp-content\/uploads\/2023\/12\/DSC00020-2048x1536.jpg 2048w\" data-sizes=\"(max-width: 1024px) 100vw, 1024px\" src=\"data:image\/svg+xml;base64,PHN2ZyB3aWR0aD0iMSIgaGVpZ2h0PSIxIiB4bWxucz0iaHR0cDovL3d3dy53My5vcmcvMjAwMC9zdmciPjwvc3ZnPg==\" style=\"--smush-placeholder-width: 1024px; --smush-placeholder-aspect-ratio: 1024\/768;\" \/><\/a><\/figure>\n\n\n\n<figure class=\"wp-block-image size-large\"><a href=\"https:\/\/backhaus-steinfeld.de\/wp-content\/uploads\/2023\/12\/DSC00018-scaled.jpg\"><img decoding=\"async\" width=\"1024\" height=\"768\" data-id=\"647\" data-src=\"https:\/\/backhaus-steinfeld.de\/wp-content\/uploads\/2023\/12\/DSC00018-1024x768.jpg\" alt=\"\" class=\"wp-image-647 lazyload\" data-srcset=\"https:\/\/backhaus-steinfeld.de\/wp-content\/uploads\/2023\/12\/DSC00018-1024x768.jpg 1024w, https:\/\/backhaus-steinfeld.de\/wp-content\/uploads\/2023\/12\/DSC00018-300x225.jpg 300w, https:\/\/backhaus-steinfeld.de\/wp-content\/uploads\/2023\/12\/DSC00018-768x576.jpg 768w, https:\/\/backhaus-steinfeld.de\/wp-content\/uploads\/2023\/12\/DSC00018-1536x1152.jpg 1536w, https:\/\/backhaus-steinfeld.de\/wp-content\/uploads\/2023\/12\/DSC00018-2048x1536.jpg 2048w\" data-sizes=\"(max-width: 1024px) 100vw, 1024px\" src=\"data:image\/svg+xml;base64,PHN2ZyB3aWR0aD0iMSIgaGVpZ2h0PSIxIiB4bWxucz0iaHR0cDovL3d3dy53My5vcmcvMjAwMC9zdmciPjwvc3ZnPg==\" style=\"--smush-placeholder-width: 1024px; --smush-placeholder-aspect-ratio: 1024\/768;\" \/><\/a><\/figure>\n<\/figure>\n","protected":false},"excerpt":{"rendered":"<p>Um bei widrigen Witterungsverh\u00e4ltnissen den Besuchern bei Backhaus-Aktionen Unterstand gew\u00e4hren zu k\u00f6nnen, erg\u00e4nzt seit 2016 die Remise im ebenfalls historischen Format den Treffpunkt im idyllischen Umfeld der Lohgerberei. Sie bietet rund 30 Personen Platz und ist eine Schenkung des Ehepaares Bruns.<\/p>\n","protected":false},"author":1,"featured_media":0,"parent":0,"menu_order":0,"comment_status":"closed","ping_status":"closed","template":"","meta":{"footnotes":""},"class_list":["post-645","page","type-page","status-publish","hentry","entry"],"_links":{"self":[{"href":"https:\/\/backhaus-steinfeld.de\/index.php?rest_route=\/wp\/v2\/pages\/645","targetHints":{"allow":["GET"]}}],"collection":[{"href":"https:\/\/backhaus-steinfeld.de\/index.php?rest_route=\/wp\/v2\/pages"}],"about":[{"href":"https:\/\/backhaus-steinfeld.de\/index.php?rest_route=\/wp\/v2\/types\/page"}],"author":[{"embeddable":true,"href":"https:\/\/backhaus-steinfeld.de\/index.php?rest_route=\/wp\/v2\/users\/1"}],"replies":[{"embeddable":true,"href":"https:\/\/backhaus-steinfeld.de\/index.php?rest_route=%2Fwp%2Fv2%2Fcomments&post=645"}],"version-history":[{"count":6,"href":"https:\/\/backhaus-steinfeld.de\/index.php?rest_route=\/wp\/v2\/pages\/645\/revisions"}],"predecessor-version":[{"id":673,"href":"https:\/\/backhaus-steinfeld.de\/index.php?rest_route=\/wp\/v2\/pages\/645\/revisions\/673"}],"wp:attachment":[{"href":"https:\/\/backhaus-steinfeld.de\/index.php?rest_route=%2Fwp%2Fv2%2Fmedia&parent=645"}],"curies":[{"name":"wp","href":"https:\/\/api.w.org\/{rel}","templated":true}]}}